{"id":219,"date":"2023-05-25T20:08:33","date_gmt":"2023-05-25T20:08:33","guid":{"rendered":"https:\/\/ericsantosvo.com\/?page_id=219"},"modified":"2026-03-17T17:34:08","modified_gmt":"2026-03-17T20:34:08","slug":"biografia","status":"publish","type":"page","link":"https:\/\/ericsantos.com.br\/eng\/biografia\/","title":{"rendered":"Biography"},"content":{"rendered":"\t\t<div data-elementor-type=\"wp-page\" data-elementor-id=\"219\" class=\"elementor elementor-219\" data-elementor-post-type=\"page\">\n\t\t\t\t<div class=\"elementor-element elementor-element-f35dc15 animated-slow e-flex e-con-boxed elementor-invisible e-con e-parent\" data-id=\"f35dc15\" data-element_type=\"container\" data-e-type=\"container\" data-settings=\"{&quot;background_background&quot;:&quot;classic&quot;,&quot;shape_divider_bottom&quot;:&quot;tilt&quot;,&quot;animation&quot;:&quot;fadeIn&quot;,&quot;animation_delay&quot;:250}\">\n\t\t\t\t\t<div class=\"e-con-inner\">\n\t\t\t\t<div class=\"elementor-shape elementor-shape-bottom\" aria-hidden=\"true\" data-negative=\"false\">\n\t\t\t<svg xmlns=\"http:\/\/www.w3.org\/2000\/svg\" viewBox=\"0 0 1000 100\" preserveAspectRatio=\"none\">\n\t<path class=\"elementor-shape-fill\" d=\"M0,6V0h1000v100L0,6z\"\/>\n<\/svg>\t\t<\/div>\n\t\t\t\t\t<\/div>\n\t\t\t\t<\/div>\n\t\t<div class=\"elementor-element elementor-element-9385a07 e-flex e-con-boxed elementor-invisible e-con e-parent\" data-id=\"9385a07\" data-element_type=\"container\" data-e-type=\"container\" data-settings=\"{&quot;background_background&quot;:&quot;classic&quot;,&quot;sticky&quot;:&quot;top&quot;,&quot;sticky_effects_offset&quot;:300,&quot;animation&quot;:&quot;fadeIn&quot;,&quot;sticky_on&quot;:[&quot;desktop&quot;,&quot;tablet&quot;,&quot;mobile&quot;],&quot;sticky_offset&quot;:0,&quot;sticky_anchor_link_offset&quot;:0}\">\n\t\t\t\t\t<div class=\"e-con-inner\">\n\t\t\t\t\t<\/div>\n\t\t\t\t<\/div>\n\t\t<div class=\"elementor-element elementor-element-9dc8638 e-flex e-con-boxed e-con e-parent\" data-id=\"9dc8638\" data-element_type=\"container\" data-e-type=\"container\">\n\t\t\t\t\t<div class=\"e-con-inner\">\n\t\t<div class=\"elementor-element elementor-element-d9567bd e-con-full e-flex elementor-invisible e-con e-child\" data-id=\"d9567bd\" data-element_type=\"container\" data-e-type=\"container\" data-settings=\"{&quot;animation&quot;:&quot;slideInLeft&quot;}\">\n\t\t\t\t<div class=\"elementor-element elementor-element-183311f elementor-widget elementor-widget-image\" data-id=\"183311f\" data-element_type=\"widget\" data-e-type=\"widget\" data-settings=\"{&quot;motion_fx_motion_fx_scrolling&quot;:&quot;yes&quot;,&quot;motion_fx_translateY_effect&quot;:&quot;yes&quot;,&quot;motion_fx_translateY_speed&quot;:{&quot;unit&quot;:&quot;px&quot;,&quot;size&quot;:1.5,&quot;sizes&quot;:[]},&quot;motion_fx_translateY_affectedRange&quot;:{&quot;unit&quot;:&quot;%&quot;,&quot;size&quot;:&quot;&quot;,&quot;sizes&quot;:{&quot;start&quot;:0,&quot;end&quot;:100}},&quot;motion_fx_devices&quot;:[&quot;desktop&quot;,&quot;tablet&quot;,&quot;mobile&quot;]}\" data-widget_type=\"image.default\">\n\t\t\t\t<div class=\"elementor-widget-container\">\n\t\t\t\t\t\t\t\t\t\t\t\t\t\t\t<img fetchpriority=\"high\" decoding=\"async\" width=\"768\" height=\"1024\" src=\"https:\/\/ericsantos.com.br\/wp-content\/uploads\/2023\/06\/Eric_Santos_560_LowRes_Trat-768x1024.jpg\" class=\"attachment-large size-large wp-image-979\" alt=\"\" srcset=\"https:\/\/ericsantos.com.br\/wp-content\/uploads\/2023\/06\/Eric_Santos_560_LowRes_Trat-768x1024.jpg 768w, https:\/\/ericsantos.com.br\/wp-content\/uploads\/2023\/06\/Eric_Santos_560_LowRes_Trat-225x300.jpg 225w, https:\/\/ericsantos.com.br\/wp-content\/uploads\/2023\/06\/Eric_Santos_560_LowRes_Trat.jpg 1125w\" sizes=\"(max-width: 768px) 100vw, 768px\" \/>\t\t\t\t\t\t\t\t\t\t\t\t\t\t\t<\/div>\n\t\t\t\t<\/div>\n\t\t\t\t<\/div>\n\t\t<div class=\"elementor-element elementor-element-e88ead5 e-con-full e-flex elementor-invisible e-con e-child\" data-id=\"e88ead5\" data-element_type=\"container\" data-e-type=\"container\" data-settings=\"{&quot;animation&quot;:&quot;fadeIn&quot;}\">\n\t\t\t\t<div class=\"elementor-element elementor-element-2a22129 elementor-widget__width-initial elementor-invisible elementor-widget elementor-widget-heading\" data-id=\"2a22129\" data-element_type=\"widget\" data-e-type=\"widget\" data-settings=\"{&quot;_animation&quot;:&quot;slideInLeft&quot;}\" data-widget_type=\"heading.default\">\n\t\t\t\t<div class=\"elementor-widget-container\">\n\t\t\t\t\t<h1 class=\"elementor-heading-title elementor-size-default\">Biografia<\/h1>\t\t\t\t<\/div>\n\t\t\t\t<\/div>\n\t\t\t\t<div class=\"elementor-element elementor-element-f9bc03b elementor-widget elementor-widget-text-editor\" data-id=\"f9bc03b\" data-element_type=\"widget\" data-e-type=\"widget\" data-widget_type=\"text-editor.default\">\n\t\t\t\t<div class=\"elementor-widget-container\">\n\t\t\t\t\t\t\t\t\t<p class=\"p1\"><span class=\"s1\">Antes de ser profiss\u00e3o, a voz j\u00e1 era para mim brincadeira e experimenta\u00e7\u00e3o. Na adolesc\u00eancia, gravava fitas k7 no meu 3 em 1, criando programas de r\u00e1dio caseiros, misturando m\u00fasica, coment\u00e1rios e personagens. Sem saber, ali come\u00e7ava uma rela\u00e7\u00e3o profunda com a comunica\u00e7\u00e3o sonora que logo me levaria a ser locutor profissional.<\/span><\/p><p class=\"p1\"><span class=\"s1\">Minha trajet\u00f3ria come\u00e7ou oficialmente no r\u00e1dio, aos 17 anos, na Jovem FM de Itajub\u00e1 em Minas Gerais. A divers\u00e3o virou profiss\u00e3o. Pouco depois me mudei para Campinas para cursar Publicidade e Propaganda na PUC-Campinas. Foi nesse per\u00edodo que atuei como locutor e produtor na Educadora FM, experi\u00eancia fundamental para consolidar minha forma\u00e7\u00e3o em comunica\u00e7\u00e3o.<\/span><\/p><p class=\"p1\"><span class=\"s1\">Em Campinas, fundei ao lado de Gustavo Souza a produtora F\u00e1brica do Som. Durante 10 anos vivi intensamente a cria\u00e7\u00e3o de campanhas atuando como locutor publicit\u00e1rio, cantor e produtor. A televis\u00e3o ampliou essa experi\u00eancia. Atuei como apresentador de programas e comerciais de varejo, somando imagem \u00e0 voz e aprofundando minha compreens\u00e3o sobre narrativa audiovisual.<\/span><\/p><p class=\"p1\"><span class=\"s1\">Ainda em Campinas, iniciei minha trajet\u00f3ria na 89FM de S\u00e3o Paulo. Quando as viagens di\u00e1rias se tornaram invi\u00e1veis, me mudei definitivamente para a capital. Foram dez anos na R\u00e1dio Rock, convivendo com grandes profissionais e assumindo tamb\u00e9m o papel de voz padr\u00e3o da emissora.\u00a0<\/span><\/p><p class=\"p1\"><span class=\"s1\">Em 2006, me associei ao Clube da Voz, entidade que re\u00fane locutores e locutoras de destaque no Brasil. Entre 2018 e 2021 tive a honra de presidir a associa\u00e7\u00e3o. Ao longo de mais de tr\u00eas d\u00e9cadas de carreira, dei voz a in\u00fameras campanhas para grandes marcas nacionais e internacionais, al\u00e9m de projetos de comunica\u00e7\u00e3o institucional e v\u00eddeos corporativos. Por cinco anos, fui a voz da Super Linha, a URA do Santander no Brasil. <\/span><\/p>\t\t\t\t\t\t\t\t<\/div>\n\t\t\t\t<\/div>\n\t\t\t\t<\/div>\n\t\t\t\t\t<\/div>\n\t\t\t\t<\/div>\n\t\t<div class=\"elementor-element elementor-element-2867141 e-transform e-flex e-con-boxed elementor-invisible e-con e-parent\" data-id=\"2867141\" data-element_type=\"container\" data-e-type=\"container\" data-settings=\"{&quot;animation&quot;:&quot;fadeIn&quot;,&quot;_transform_scale_effect_hover&quot;:{&quot;unit&quot;:&quot;px&quot;,&quot;size&quot;:1.100000000000000088817841970012523233890533447265625,&quot;sizes&quot;:[]},&quot;_transform_scale_effect_hover_tablet&quot;:{&quot;unit&quot;:&quot;px&quot;,&quot;size&quot;:&quot;&quot;,&quot;sizes&quot;:[]},&quot;_transform_scale_effect_hover_mobile&quot;:{&quot;unit&quot;:&quot;px&quot;,&quot;size&quot;:&quot;&quot;,&quot;sizes&quot;:[]}}\">\n\t\t\t\t\t<div class=\"e-con-inner\">\n\t\t\t\t<div class=\"elementor-element elementor-element-3d0267d elementor-widget elementor-widget-video\" data-id=\"3d0267d\" data-element_type=\"widget\" data-e-type=\"widget\" data-settings=\"{&quot;youtube_url&quot;:&quot;https:\\\/\\\/www.youtube.com\\\/watch?v=QDBtQwfpofI&quot;,&quot;autoplay&quot;:&quot;yes&quot;,&quot;mute&quot;:&quot;yes&quot;,&quot;yt_privacy&quot;:&quot;yes&quot;,&quot;video_type&quot;:&quot;youtube&quot;,&quot;controls&quot;:&quot;yes&quot;}\" data-widget_type=\"video.default\">\n\t\t\t\t<div class=\"elementor-widget-container\">\n\t\t\t\t\t\t\t<div class=\"elementor-wrapper elementor-open-inline\">\n\t\t\t<div class=\"elementor-video\"><\/div>\t\t<\/div>\n\t\t\t\t\t\t<\/div>\n\t\t\t\t<\/div>\n\t\t\t\t\t<\/div>\n\t\t\t\t<\/div>\n\t\t<div class=\"elementor-element elementor-element-4a49318 e-flex e-con-boxed e-con e-parent\" data-id=\"4a49318\" data-element_type=\"container\" data-e-type=\"container\">\n\t\t\t\t\t<div class=\"e-con-inner\">\n\t\t<div class=\"elementor-element elementor-element-bee9eb7 e-con-full e-flex e-con e-child\" data-id=\"bee9eb7\" data-element_type=\"container\" data-e-type=\"container\">\n\t\t\t\t<div class=\"elementor-element elementor-element-f41c1b3 elementor-invisible elementor-widget elementor-widget-heading\" data-id=\"f41c1b3\" data-element_type=\"widget\" data-e-type=\"widget\" data-settings=\"{&quot;sticky&quot;:&quot;top&quot;,&quot;sticky_offset&quot;:150,&quot;sticky_parent&quot;:&quot;yes&quot;,&quot;_animation&quot;:&quot;slideInLeft&quot;,&quot;sticky_on&quot;:[&quot;desktop&quot;,&quot;tablet&quot;],&quot;sticky_effects_offset&quot;:0,&quot;sticky_anchor_link_offset&quot;:0}\" data-widget_type=\"heading.default\">\n\t\t\t\t<div class=\"elementor-widget-container\">\n\t\t\t\t\t<h2 class=\"elementor-heading-title elementor-size-default\">\"Gosto de estudar  <br>\no roteiro <br>\ne experimentar\"<\/h2>\t\t\t\t<\/div>\n\t\t\t\t<\/div>\n\t\t\t\t<\/div>\n\t\t<div class=\"elementor-element elementor-element-e9a8dbf e-con-full e-flex e-con e-child\" data-id=\"e9a8dbf\" data-element_type=\"container\" data-e-type=\"container\">\n\t\t\t\t<div class=\"elementor-element elementor-element-a0de231 elementor-invisible elementor-widget elementor-widget-text-editor\" data-id=\"a0de231\" data-element_type=\"widget\" data-e-type=\"widget\" data-settings=\"{&quot;_animation&quot;:&quot;fadeIn&quot;,&quot;_animation_delay&quot;:500}\" data-widget_type=\"text-editor.default\">\n\t\t\t\t<div class=\"elementor-widget-container\">\n\t\t\t\t\t\t\t\t\t<p class=\"p1\"><span class=\"s1\">Como narrador de document\u00e1rios, gravei centenas de produ\u00e7\u00f5es exibidas em canais como Discovery Channel, Animal Planet, Nat Geo, VH1, MTV e TV Cultura. Atualmente sou a voz oficial dos document\u00e1rios UFC Countdown exibidos no Paramount+. A narra\u00e7\u00e3o de document\u00e1rios exige equil\u00edbrio entre informa\u00e7\u00e3o, ritmo e sensibilidade. A interpreta\u00e7\u00e3o sustenta a imagem sem competir com ela.<\/span><\/p><p class=\"p1\"><span class=\"s1\">Minha atua\u00e7\u00e3o em locu\u00e7\u00e3o profissional tamb\u00e9m abrange v\u00eddeos institucionais, podcasts, vinhetas, chamadas para r\u00e1dio e TV, audiobooks e eventos corporativos, onde atuo como Mestre de Cerim\u00f4nias. Fui voz padr\u00e3o de emissoras como TLC (Discovery), 89FM S\u00e3o Paulo, R\u00e1dio Cidade do Rio de Janeiro, 98FM Belo Horizonte e Beach Park FM Fortaleza. Hoje, a Rede 98 de r\u00e1dio e TV fala com a minha voz.<\/span><\/p><p class=\"p1\"><span class=\"s1\">A m\u00fasica sempre caminhou ao meu lado. Compor, tocar viol\u00e3o e cantar deixaram de ser apenas prazer e se tornaram realiza\u00e7\u00e3o art\u00edstica. Gravei tr\u00eas \u00e1lbuns autorais \u2014 <i>Sem Final<\/i> (2011), <i>Santo Bandido<\/i> (2014) e <i>A Vida N\u00e3o \u00c9 S\u00f3<\/i> (2017) \u2014 dispon\u00edveis nas plataformas de m\u00fasica e tamb\u00e9m aqui no site.<\/span><\/p><p class=\"p1\"><span class=\"s1\">Nas \u00faltimas d\u00e9cadas, o mercado de locu\u00e7\u00e3o profissional passou por transforma\u00e7\u00f5es profundas. Se antes a rotina era atravessar a cidade de est\u00fadio em est\u00fadio, hoje as grava\u00e7\u00f5es s\u00e3o realizadas remotamente. Do meu est\u00fadio em S\u00e3o Paulo, atendo clientes em todo o Brasil e no exterior. <\/span><\/p><p class=\"p1\"><span class=\"s1\"> Estar diante do microfone, ver o bot\u00e3o \u201crec\u201d piscando e dar voz a um roteiro continua t\u00e3o envolvente quanto nos primeiros anos.<\/span><\/p><p class=\"p1\"><span class=\"s1\">A tecnologia mudou. A ess\u00eancia n\u00e3o.<br \/>Estar diante do microfone, ver o \u201crec\u201d acender e transformar texto em narrativa continua sendo o que me move.<\/span><\/p>\t\t\t\t\t\t\t\t<\/div>\n\t\t\t\t<\/div>\n\t\t\t\t<div class=\"elementor-element elementor-element-294490f elementor-widget elementor-widget-text-editor\" data-id=\"294490f\" data-element_type=\"widget\" data-e-type=\"widget\" data-widget_type=\"text-editor.default\">\n\t\t\t\t<div class=\"elementor-widget-container\">\n\t\t\t\t\t\t\t\t\t<p><strong><span class=\"s1\">Que bom que voc\u00ea chegou at\u00e9 aqui.<br \/>Quem sabe a pr\u00f3xima hist\u00f3ria a ser contada seja a sua.<\/span><\/strong><\/p>\t\t\t\t\t\t\t\t<\/div>\n\t\t\t\t<\/div>\n\t\t\t\t<\/div>\n\t\t\t\t\t<\/div>\n\t\t\t\t<\/div>\n\t\t<div class=\"elementor-element elementor-element-f06d08b e-flex e-con-boxed elementor-invisible e-con e-parent\" data-id=\"f06d08b\" data-element_type=\"container\" data-e-type=\"container\" data-settings=\"{&quot;background_background&quot;:&quot;classic&quot;,&quot;shape_divider_top&quot;:&quot;tilt&quot;,&quot;animation&quot;:&quot;slideInUp&quot;}\">\n\t\t\t\t\t<div class=\"e-con-inner\">\n\t\t\t\t<div class=\"elementor-shape elementor-shape-top\" aria-hidden=\"true\" data-negative=\"false\">\n\t\t\t<svg xmlns=\"http:\/\/www.w3.org\/2000\/svg\" viewBox=\"0 0 1000 100\" preserveAspectRatio=\"none\">\n\t<path class=\"elementor-shape-fill\" d=\"M0,6V0h1000v100L0,6z\"\/>\n<\/svg>\t\t<\/div>\n\t\t\t\t<div class=\"elementor-element elementor-element-efe6388 elementor-blockquote--skin-quotation elementor-blockquote--align-center elementor-widget elementor-widget-blockquote\" data-id=\"efe6388\" data-element_type=\"widget\" data-e-type=\"widget\" data-widget_type=\"blockquote.default\">\n\t\t\t\t<div class=\"elementor-widget-container\">\n\t\t\t\t\t\t\t<blockquote class=\"elementor-blockquote\">\n\t\t\t<p class=\"elementor-blockquote__content\">\n\t\t\t\tSempre adorei a plasticidade da voz e o quanto de significado pode haver em cada nuance da fala mas acredito que \u00e9 preciso compreender antes de falar. Gosto de estudar os textos e experimentar. S\u00f3 assim \u00e9 poss\u00edvel atingir os objetivos da mensagem.\n\nSeja para um comercial, um v\u00eddeo institucional, uma chamada promocional de r\u00e1dio e TV, um document\u00e1rio, um aplicativo ou para um evento, conte comigo para encontrar a melhor forma para cada locu\u00e7\u00e3o.\t\t\t<\/p>\n\t\t\t\t\t\t\t<div class=\"e-q-footer\">\n\t\t\t\t\t\t\t\t\t\t\t<cite class=\"elementor-blockquote__author\">Eric Santos<\/cite>\n\t\t\t\t\t\t\t\t\t\t\t\t\t\t<\/div>\n\t\t\t\t\t<\/blockquote>\n\t\t\t\t\t\t<\/div>\n\t\t\t\t<\/div>\n\t\t\t\t\t<\/div>\n\t\t\t\t<\/div>\n\t\t\t\t<\/div>\n\t\t","protected":false},"excerpt":{"rendered":"<p>Biografia Antes de ser profiss\u00e3o, a voz j\u00e1 era para mim brincadeira e experimenta\u00e7\u00e3o. Na adolesc\u00eancia, gravava fitas k7 no meu 3 em 1, criando programas de r\u00e1dio caseiros, misturando m\u00fasica, coment\u00e1rios e personagens. Sem saber, ali come\u00e7ava uma rela\u00e7\u00e3o profunda com a comunica\u00e7\u00e3o sonora que logo me levaria a ser locutor profissional. Minha trajet\u00f3ria [&hellip;]<\/p>\n","protected":false},"author":1,"featured_media":0,"parent":0,"menu_order":0,"comment_status":"closed","ping_status":"closed","template":"elementor_header_footer","meta":{"_acf_changed":false,"inline_featured_image":false,"footnotes":""},"class_list":["post-219","page","type-page","status-publish","hentry"],"acf":[],"yoast_head":"<!-- This site is optimized with the Yoast SEO plugin v27.2 - https:\/\/yoast.com\/product\/yoast-seo-wordpress\/ -->\n<title>Locutor Publicit\u00e1rio, Corporativo, Comercial, e de Document\u00e1rios<\/title>\n<meta name=\"description\" content=\"Locutor profissional nos segmentos publicit\u00e1rio, corporativo, comercial, comunica\u00e7\u00e3o institucional, document\u00e1rios, entre outros.\" \/>\n<meta name=\"robots\" content=\"index, follow, max-snippet:-1, max-image-preview:large, max-video-preview:-1\" \/>\n<link rel=\"canonical\" href=\"https:\/\/ericsantos.com.br\/eng\/biografia\/\" \/>\n<meta property=\"og:locale\" content=\"en_US\" \/>\n<meta property=\"og:type\" content=\"article\" \/>\n<meta property=\"og:title\" content=\"Eric Santos - Intelig\u00eancia por traz da voz. Para contar a sua hist\u00f3ria.\" \/>\n<meta property=\"og:description\" content=\"Sempre adorei a plasticidade da voz e o quanto de significado pode haver em cada nuance da fala, mas acredito que antes \u00e9 preciso compreens\u00e3o. Gosto de estudar o roteiro e experimentar. S\u00f3 com real envolvimento \u00e9 poss\u00edvel acertar o tom da campanha.\" \/>\n<meta property=\"og:url\" content=\"https:\/\/ericsantos.com.br\/eng\/biografia\/\" \/>\n<meta property=\"og:site_name\" content=\"Eric Santos\" \/>\n<meta property=\"article:modified_time\" content=\"2026-03-17T20:34:08+00:00\" \/>\n<meta property=\"og:image\" content=\"https:\/\/ericsantos.com.br\/wp-content\/uploads\/2023\/06\/Eric_Santos_057_LowRes_Trat.jpg\" \/>\n\t<meta property=\"og:image:width\" content=\"1500\" \/>\n\t<meta property=\"og:image:height\" content=\"1001\" \/>\n\t<meta property=\"og:image:type\" content=\"image\/jpeg\" \/>\n<meta name=\"twitter:card\" content=\"summary_large_image\" \/>\n<meta name=\"twitter:title\" content=\"Eric Santos - Intelig\u00eancia por traz da voz. Para contar a sua hist\u00f3ria.\" \/>\n<meta name=\"twitter:description\" content=\"Sempre adorei a plasticidade da voz e o quanto de significado pode haver em cada nuance da fala, mas acredito que antes \u00e9 preciso compreens\u00e3o. Gosto de estudar o roteiro e experimentar. S\u00f3 com real envolvimento \u00e9 poss\u00edvel acertar o tom da campanha.\" \/>\n<meta name=\"twitter:image\" content=\"https:\/\/ericsantos.com.br\/wp-content\/uploads\/2023\/06\/Eric_Santos_057_LowRes_Trat.jpg\" \/>\n<meta name=\"twitter:label1\" content=\"Est. reading time\" \/>\n\t<meta name=\"twitter:data1\" content=\"3 minutes\" \/>\n<script type=\"application\/ld+json\" class=\"yoast-schema-graph\">{\"@context\":\"https:\/\/schema.org\",\"@graph\":[{\"@type\":\"WebPage\",\"@id\":\"https:\/\/ericsantos.com.br\/biografia\/\",\"url\":\"https:\/\/ericsantos.com.br\/biografia\/\",\"name\":\"Locutor Publicit\u00e1rio, Corporativo, Comercial, e de Document\u00e1rios\",\"isPartOf\":{\"@id\":\"https:\/\/ericsantos.com.br\/#website\"},\"primaryImageOfPage\":{\"@id\":\"https:\/\/ericsantos.com.br\/biografia\/#primaryimage\"},\"image\":{\"@id\":\"https:\/\/ericsantos.com.br\/biografia\/#primaryimage\"},\"thumbnailUrl\":\"https:\/\/ericsantos.com.br\/wp-content\/uploads\/2023\/06\/Eric_Santos_560_LowRes_Trat-768x1024.jpg\",\"datePublished\":\"2023-05-25T20:08:33+00:00\",\"dateModified\":\"2026-03-17T20:34:08+00:00\",\"description\":\"Locutor profissional nos segmentos publicit\u00e1rio, corporativo, comercial, comunica\u00e7\u00e3o institucional, document\u00e1rios, entre outros.\",\"breadcrumb\":{\"@id\":\"https:\/\/ericsantos.com.br\/biografia\/#breadcrumb\"},\"inLanguage\":\"en-US\",\"potentialAction\":[{\"@type\":\"ReadAction\",\"target\":[\"https:\/\/ericsantos.com.br\/biografia\/\"]}]},{\"@type\":\"ImageObject\",\"inLanguage\":\"en-US\",\"@id\":\"https:\/\/ericsantos.com.br\/biografia\/#primaryimage\",\"url\":\"https:\/\/ericsantos.com.br\/wp-content\/uploads\/2023\/06\/Eric_Santos_560_LowRes_Trat-768x1024.jpg\",\"contentUrl\":\"https:\/\/ericsantos.com.br\/wp-content\/uploads\/2023\/06\/Eric_Santos_560_LowRes_Trat-768x1024.jpg\"},{\"@type\":\"BreadcrumbList\",\"@id\":\"https:\/\/ericsantos.com.br\/biografia\/#breadcrumb\",\"itemListElement\":[{\"@type\":\"ListItem\",\"position\":1,\"name\":\"Home\",\"item\":\"https:\/\/ericsantos.com.br\/\"},{\"@type\":\"ListItem\",\"position\":2,\"name\":\"Biografia\"}]},{\"@type\":\"WebSite\",\"@id\":\"https:\/\/ericsantos.com.br\/#website\",\"url\":\"https:\/\/ericsantos.com.br\/\",\"name\":\"Eric Santos\",\"description\":\"Locu\u00e7\u00e3o publicit\u00e1ria, v\u00eddeos corporativos, comunica\u00e7\u00e3o institucional, document\u00e1rios, chamadas de r\u00e1dio e TV\",\"publisher\":{\"@id\":\"https:\/\/ericsantos.com.br\/#\/schema\/person\/f86bdaec97c0c8eb422a32d9934c65ff\"},\"potentialAction\":[{\"@type\":\"SearchAction\",\"target\":{\"@type\":\"EntryPoint\",\"urlTemplate\":\"https:\/\/ericsantos.com.br\/?s={search_term_string}\"},\"query-input\":{\"@type\":\"PropertyValueSpecification\",\"valueRequired\":true,\"valueName\":\"search_term_string\"}}],\"inLanguage\":\"en-US\"},{\"@type\":[\"Person\",\"Organization\"],\"@id\":\"https:\/\/ericsantos.com.br\/#\/schema\/person\/f86bdaec97c0c8eb422a32d9934c65ff\",\"name\":\"Eric Santos\",\"image\":{\"@type\":\"ImageObject\",\"inLanguage\":\"en-US\",\"@id\":\"https:\/\/ericsantos.com.br\/wp-content\/uploads\/2023\/06\/logo.png\",\"url\":\"https:\/\/ericsantos.com.br\/wp-content\/uploads\/2023\/06\/logo.png\",\"contentUrl\":\"https:\/\/ericsantos.com.br\/wp-content\/uploads\/2023\/06\/logo.png\",\"width\":512,\"height\":512,\"caption\":\"Eric Santos\"},\"logo\":{\"@id\":\"https:\/\/ericsantos.com.br\/wp-content\/uploads\/2023\/06\/logo.png\"}}]}<\/script>\n<!-- \/ Yoast SEO plugin. -->","yoast_head_json":{"title":"Voice-over artist for advertising, corporate, commercial, and documentary videos.","description":"Professional voice-over artist in the advertising, corporate, commercial, institutional communication, documentary, and other sectors.","robots":{"index":"index","follow":"follow","max-snippet":"max-snippet:-1","max-image-preview":"max-image-preview:large","max-video-preview":"max-video-preview:-1"},"canonical":"https:\/\/ericsantos.com.br\/eng\/biografia\/","og_locale":"en_US","og_type":"article","og_title":"Eric Santos - Intelig\u00eancia por traz da voz. Para contar a sua hist\u00f3ria.","og_description":"Sempre adorei a plasticidade da voz e o quanto de significado pode haver em cada nuance da fala, mas acredito que antes \u00e9 preciso compreens\u00e3o. Gosto de estudar o roteiro e experimentar. S\u00f3 com real envolvimento \u00e9 poss\u00edvel acertar o tom da campanha.","og_url":"https:\/\/ericsantos.com.br\/eng\/biografia\/","og_site_name":"Eric Santos","article_modified_time":"2026-03-17T20:34:08+00:00","og_image":[{"width":1500,"height":1001,"url":"https:\/\/ericsantos.com.br\/wp-content\/uploads\/2023\/06\/Eric_Santos_057_LowRes_Trat.jpg","type":"image\/jpeg"}],"twitter_card":"summary_large_image","twitter_title":"Eric Santos - Intelig\u00eancia por traz da voz. Para contar a sua hist\u00f3ria.","twitter_description":"Sempre adorei a plasticidade da voz e o quanto de significado pode haver em cada nuance da fala, mas acredito que antes \u00e9 preciso compreens\u00e3o. Gosto de estudar o roteiro e experimentar. S\u00f3 com real envolvimento \u00e9 poss\u00edvel acertar o tom da campanha.","twitter_image":"https:\/\/ericsantos.com.br\/wp-content\/uploads\/2023\/06\/Eric_Santos_057_LowRes_Trat.jpg","twitter_misc":{"Est. reading time":"3 minutes"},"schema":{"@context":"https:\/\/schema.org","@graph":[{"@type":"WebPage","@id":"https:\/\/ericsantos.com.br\/biografia\/","url":"https:\/\/ericsantos.com.br\/biografia\/","name":"Voice-over artist for advertising, corporate, commercial, and documentary videos.","isPartOf":{"@id":"https:\/\/ericsantos.com.br\/#website"},"primaryImageOfPage":{"@id":"https:\/\/ericsantos.com.br\/biografia\/#primaryimage"},"image":{"@id":"https:\/\/ericsantos.com.br\/biografia\/#primaryimage"},"thumbnailUrl":"https:\/\/ericsantos.com.br\/wp-content\/uploads\/2023\/06\/Eric_Santos_560_LowRes_Trat-768x1024.jpg","datePublished":"2023-05-25T20:08:33+00:00","dateModified":"2026-03-17T20:34:08+00:00","description":"Professional voice-over artist in the advertising, corporate, commercial, institutional communication, documentary, and other sectors.","breadcrumb":{"@id":"https:\/\/ericsantos.com.br\/biografia\/#breadcrumb"},"inLanguage":"en-US","potentialAction":[{"@type":"ReadAction","target":["https:\/\/ericsantos.com.br\/biografia\/"]}]},{"@type":"ImageObject","inLanguage":"en-US","@id":"https:\/\/ericsantos.com.br\/biografia\/#primaryimage","url":"https:\/\/ericsantos.com.br\/wp-content\/uploads\/2023\/06\/Eric_Santos_560_LowRes_Trat-768x1024.jpg","contentUrl":"https:\/\/ericsantos.com.br\/wp-content\/uploads\/2023\/06\/Eric_Santos_560_LowRes_Trat-768x1024.jpg"},{"@type":"BreadcrumbList","@id":"https:\/\/ericsantos.com.br\/biografia\/#breadcrumb","itemListElement":[{"@type":"ListItem","position":1,"name":"Home","item":"https:\/\/ericsantos.com.br\/"},{"@type":"ListItem","position":2,"name":"Biografia"}]},{"@type":"WebSite","@id":"https:\/\/ericsantos.com.br\/#website","url":"https:\/\/ericsantos.com.br\/","name":"Eric Santos","description":"Voice-over work, corporate videos, institutional communication, documentaries, radio and TV spots.","publisher":{"@id":"https:\/\/ericsantos.com.br\/#\/schema\/person\/f86bdaec97c0c8eb422a32d9934c65ff"},"potentialAction":[{"@type":"SearchAction","target":{"@type":"EntryPoint","urlTemplate":"https:\/\/ericsantos.com.br\/?s={search_term_string}"},"query-input":{"@type":"PropertyValueSpecification","valueRequired":true,"valueName":"search_term_string"}}],"inLanguage":"en-US"},{"@type":["Person","Organization"],"@id":"https:\/\/ericsantos.com.br\/#\/schema\/person\/f86bdaec97c0c8eb422a32d9934c65ff","name":"Eric Santos","image":{"@type":"ImageObject","inLanguage":"en-US","@id":"https:\/\/ericsantos.com.br\/wp-content\/uploads\/2023\/06\/logo.png","url":"https:\/\/ericsantos.com.br\/wp-content\/uploads\/2023\/06\/logo.png","contentUrl":"https:\/\/ericsantos.com.br\/wp-content\/uploads\/2023\/06\/logo.png","width":512,"height":512,"caption":"Eric Santos"},"logo":{"@id":"https:\/\/ericsantos.com.br\/wp-content\/uploads\/2023\/06\/logo.png"}}]}},"_links":{"self":[{"href":"https:\/\/ericsantos.com.br\/eng\/wp-json\/wp\/v2\/pages\/219","targetHints":{"allow":["GET"]}}],"collection":[{"href":"https:\/\/ericsantos.com.br\/eng\/wp-json\/wp\/v2\/pages"}],"about":[{"href":"https:\/\/ericsantos.com.br\/eng\/wp-json\/wp\/v2\/types\/page"}],"author":[{"embeddable":true,"href":"https:\/\/ericsantos.com.br\/eng\/wp-json\/wp\/v2\/users\/1"}],"replies":[{"embeddable":true,"href":"https:\/\/ericsantos.com.br\/eng\/wp-json\/wp\/v2\/comments?post=219"}],"version-history":[{"count":204,"href":"https:\/\/ericsantos.com.br\/eng\/wp-json\/wp\/v2\/pages\/219\/revisions"}],"predecessor-version":[{"id":2163,"href":"https:\/\/ericsantos.com.br\/eng\/wp-json\/wp\/v2\/pages\/219\/revisions\/2163"}],"wp:attachment":[{"href":"https:\/\/ericsantos.com.br\/eng\/wp-json\/wp\/v2\/media?parent=219"}],"curies":[{"name":"wp","href":"https:\/\/api.w.org\/{rel}","templated":true}]}}