{"id":221,"date":"2023-05-25T20:08:50","date_gmt":"2023-05-25T20:08:50","guid":{"rendered":"https:\/\/ericsantosvo.com\/?page_id=221"},"modified":"2026-02-27T16:31:26","modified_gmt":"2026-02-27T19:31:26","slug":"estudio","status":"publish","type":"page","link":"https:\/\/ericsantos.com.br\/eng\/estudio\/","title":{"rendered":"Studio"},"content":{"rendered":"\t\t<div data-elementor-type=\"wp-page\" data-elementor-id=\"221\" class=\"elementor elementor-221\" data-elementor-post-type=\"page\">\n\t\t\t\t<div class=\"elementor-element elementor-element-3926d1f animated-slow e-flex e-con-boxed elementor-invisible e-con e-parent\" data-id=\"3926d1f\" data-element_type=\"container\" data-e-type=\"container\" data-settings=\"{&quot;background_background&quot;:&quot;classic&quot;,&quot;shape_divider_bottom&quot;:&quot;tilt&quot;,&quot;animation&quot;:&quot;fadeIn&quot;,&quot;animation_delay&quot;:250}\">\n\t\t\t\t\t<div class=\"e-con-inner\">\n\t\t\t\t<div class=\"elementor-shape elementor-shape-bottom\" aria-hidden=\"true\" data-negative=\"false\">\n\t\t\t<svg xmlns=\"http:\/\/www.w3.org\/2000\/svg\" viewBox=\"0 0 1000 100\" preserveAspectRatio=\"none\">\n\t<path class=\"elementor-shape-fill\" d=\"M0,6V0h1000v100L0,6z\"\/>\n<\/svg>\t\t<\/div>\n\t\t\t\t\t<\/div>\n\t\t\t\t<\/div>\n\t\t<div class=\"elementor-element elementor-element-16785ea e-flex e-con-boxed elementor-invisible e-con e-parent\" data-id=\"16785ea\" data-element_type=\"container\" data-e-type=\"container\" data-settings=\"{&quot;background_background&quot;:&quot;classic&quot;,&quot;sticky&quot;:&quot;top&quot;,&quot;sticky_effects_offset&quot;:300,&quot;animation&quot;:&quot;fadeIn&quot;,&quot;sticky_on&quot;:[&quot;desktop&quot;,&quot;tablet&quot;,&quot;mobile&quot;],&quot;sticky_offset&quot;:0,&quot;sticky_anchor_link_offset&quot;:0}\">\n\t\t\t\t\t<div class=\"e-con-inner\">\n\t\t\t\t\t<\/div>\n\t\t\t\t<\/div>\n\t\t<div class=\"elementor-element elementor-element-6812689 e-flex e-con-boxed e-con e-parent\" data-id=\"6812689\" data-element_type=\"container\" data-e-type=\"container\">\n\t\t\t\t\t<div class=\"e-con-inner\">\n\t\t<div class=\"elementor-element elementor-element-6e46a91 e-con-full e-flex elementor-invisible e-con e-child\" data-id=\"6e46a91\" data-element_type=\"container\" data-e-type=\"container\" data-settings=\"{&quot;animation&quot;:&quot;fadeInLeft&quot;}\">\n\t\t\t\t<div class=\"elementor-element elementor-element-1ad2f83 elementor-widget elementor-widget-gallery\" data-id=\"1ad2f83\" data-element_type=\"widget\" data-e-type=\"widget\" data-settings=\"{&quot;gallery_layout&quot;:&quot;masonry&quot;,&quot;columns&quot;:3,&quot;gap&quot;:{&quot;unit&quot;:&quot;px&quot;,&quot;size&quot;:5,&quot;sizes&quot;:[]},&quot;image_hover_animation&quot;:&quot;grow&quot;,&quot;columns_mobile&quot;:2,&quot;lazyload&quot;:&quot;yes&quot;,&quot;columns_tablet&quot;:2,&quot;gap_tablet&quot;:{&quot;unit&quot;:&quot;px&quot;,&quot;size&quot;:10,&quot;sizes&quot;:[]},&quot;gap_mobile&quot;:{&quot;unit&quot;:&quot;px&quot;,&quot;size&quot;:10,&quot;sizes&quot;:[]},&quot;link_to&quot;:&quot;file&quot;,&quot;overlay_background&quot;:&quot;yes&quot;,&quot;content_hover_animation&quot;:&quot;fade-in&quot;}\" data-widget_type=\"gallery.default\">\n\t\t\t\t<div class=\"elementor-widget-container\">\n\t\t\t\t\t\t\t<div class=\"elementor-gallery__container\">\n\t\t\t\t\t\t\t<a class=\"e-gallery-item elementor-gallery-item elementor-animated-content\" href=\"https:\/\/ericsantos.com.br\/wp-content\/uploads\/2023\/06\/Eric_Santos_290_LowRes_Trat.jpg\" data-elementor-open-lightbox=\"yes\" data-elementor-lightbox-slideshow=\"1ad2f83\" data-e-action-hash=\"#elementor-action%3Aaction%3Dlightbox%26settings%3DeyJpZCI6ODg1LCJ1cmwiOiJodHRwczpcL1wvZXJpY3NhbnRvcy5jb20uYnJcL3dwLWNvbnRlbnRcL3VwbG9hZHNcLzIwMjNcLzA2XC9FcmljX1NhbnRvc18yOTBfTG93UmVzX1RyYXQuanBnIiwic2xpZGVzaG93IjoiMWFkMmY4MyJ9\">\n\t\t\t\t\t<div class=\"e-gallery-image elementor-gallery-item__image\" data-thumbnail=\"https:\/\/ericsantos.com.br\/wp-content\/uploads\/2023\/06\/Eric_Santos_290_LowRes_Trat-225x300.jpg\" data-width=\"225\" data-height=\"300\" aria-label=\"\" role=\"img\" ><\/div>\n\t\t\t\t\t\t\t\t\t\t\t<div class=\"elementor-gallery-item__overlay\"><\/div>\n\t\t\t\t\t\t\t\t\t\t\t\t\t\t<\/a>\n\t\t\t\t\t\t\t<a class=\"e-gallery-item elementor-gallery-item elementor-animated-content\" href=\"https:\/\/ericsantos.com.br\/wp-content\/uploads\/2023\/06\/Eric_Santos_099_LowRes_Trat.jpg\" data-elementor-open-lightbox=\"yes\" data-elementor-lightbox-slideshow=\"1ad2f83\" data-e-action-hash=\"#elementor-action%3Aaction%3Dlightbox%26settings%3DeyJpZCI6ODc4LCJ1cmwiOiJodHRwczpcL1wvZXJpY3NhbnRvcy5jb20uYnJcL3dwLWNvbnRlbnRcL3VwbG9hZHNcLzIwMjNcLzA2XC9FcmljX1NhbnRvc18wOTlfTG93UmVzX1RyYXQuanBnIiwic2xpZGVzaG93IjoiMWFkMmY4MyJ9\">\n\t\t\t\t\t<div class=\"e-gallery-image elementor-gallery-item__image\" data-thumbnail=\"https:\/\/ericsantos.com.br\/wp-content\/uploads\/2023\/06\/Eric_Santos_099_LowRes_Trat-300x190.jpg\" data-width=\"300\" data-height=\"190\" aria-label=\"\" role=\"img\" ><\/div>\n\t\t\t\t\t\t\t\t\t\t\t<div class=\"elementor-gallery-item__overlay\"><\/div>\n\t\t\t\t\t\t\t\t\t\t\t\t\t\t<\/a>\n\t\t\t\t\t\t\t<a class=\"e-gallery-item elementor-gallery-item elementor-animated-content\" href=\"https:\/\/ericsantos.com.br\/wp-content\/uploads\/2023\/06\/Eric_Santos_332_LowRes_Trat.jpg\" data-elementor-open-lightbox=\"yes\" data-elementor-lightbox-slideshow=\"1ad2f83\" data-e-action-hash=\"#elementor-action%3Aaction%3Dlightbox%26settings%3DeyJpZCI6NzkzLCJ1cmwiOiJodHRwczpcL1wvZXJpY3NhbnRvcy5jb20uYnJcL3dwLWNvbnRlbnRcL3VwbG9hZHNcLzIwMjNcLzA2XC9FcmljX1NhbnRvc18zMzJfTG93UmVzX1RyYXQuanBnIiwic2xpZGVzaG93IjoiMWFkMmY4MyJ9\">\n\t\t\t\t\t<div class=\"e-gallery-image elementor-gallery-item__image\" data-thumbnail=\"https:\/\/ericsantos.com.br\/wp-content\/uploads\/2023\/06\/Eric_Santos_332_LowRes_Trat-300x200.jpg\" data-width=\"300\" data-height=\"200\" aria-label=\"\" role=\"img\" ><\/div>\n\t\t\t\t\t\t\t\t\t\t\t<div class=\"elementor-gallery-item__overlay\"><\/div>\n\t\t\t\t\t\t\t\t\t\t\t\t\t\t<\/a>\n\t\t\t\t\t\t\t<a class=\"e-gallery-item elementor-gallery-item elementor-animated-content\" href=\"https:\/\/ericsantos.com.br\/wp-content\/uploads\/2023\/06\/Eric_Santos_212_LowRes_Trat.jpg\" data-elementor-open-lightbox=\"yes\" data-elementor-lightbox-slideshow=\"1ad2f83\" data-e-action-hash=\"#elementor-action%3Aaction%3Dlightbox%26settings%3DeyJpZCI6ODQ0LCJ1cmwiOiJodHRwczpcL1wvZXJpY3NhbnRvcy5jb20uYnJcL3dwLWNvbnRlbnRcL3VwbG9hZHNcLzIwMjNcLzA2XC9FcmljX1NhbnRvc18yMTJfTG93UmVzX1RyYXQuanBnIiwic2xpZGVzaG93IjoiMWFkMmY4MyJ9\">\n\t\t\t\t\t<div class=\"e-gallery-image elementor-gallery-item__image\" data-thumbnail=\"https:\/\/ericsantos.com.br\/wp-content\/uploads\/2023\/06\/Eric_Santos_212_LowRes_Trat-225x300.jpg\" data-width=\"225\" data-height=\"300\" aria-label=\"\" role=\"img\" ><\/div>\n\t\t\t\t\t\t\t\t\t\t\t<div class=\"elementor-gallery-item__overlay\"><\/div>\n\t\t\t\t\t\t\t\t\t\t\t\t\t\t<\/a>\n\t\t\t\t\t\t\t<a class=\"e-gallery-item elementor-gallery-item elementor-animated-content\" href=\"https:\/\/ericsantos.com.br\/wp-content\/uploads\/2023\/06\/Eric_Santos_272_LowRes_Trat.jpg\" data-elementor-open-lightbox=\"yes\" data-elementor-lightbox-slideshow=\"1ad2f83\" data-e-action-hash=\"#elementor-action%3Aaction%3Dlightbox%26settings%3DeyJpZCI6ODkyLCJ1cmwiOiJodHRwczpcL1wvZXJpY3NhbnRvcy5jb20uYnJcL3dwLWNvbnRlbnRcL3VwbG9hZHNcLzIwMjNcLzA2XC9FcmljX1NhbnRvc18yNzJfTG93UmVzX1RyYXQuanBnIiwic2xpZGVzaG93IjoiMWFkMmY4MyJ9\">\n\t\t\t\t\t<div class=\"e-gallery-image elementor-gallery-item__image\" data-thumbnail=\"https:\/\/ericsantos.com.br\/wp-content\/uploads\/2023\/06\/Eric_Santos_272_LowRes_Trat-240x300.jpg\" data-width=\"240\" data-height=\"300\" aria-label=\"\" role=\"img\" ><\/div>\n\t\t\t\t\t\t\t\t\t\t\t<div class=\"elementor-gallery-item__overlay\"><\/div>\n\t\t\t\t\t\t\t\t\t\t\t\t\t\t<\/a>\n\t\t\t\t\t\t\t<a class=\"e-gallery-item elementor-gallery-item elementor-animated-content\" href=\"https:\/\/ericsantos.com.br\/wp-content\/uploads\/2023\/06\/Eric_Santos_057_LowRes_Trat.jpg\" data-elementor-open-lightbox=\"yes\" data-elementor-lightbox-slideshow=\"1ad2f83\" data-e-action-hash=\"#elementor-action%3Aaction%3Dlightbox%26settings%3DeyJpZCI6ODkzLCJ1cmwiOiJodHRwczpcL1wvZXJpY3NhbnRvcy5jb20uYnJcL3dwLWNvbnRlbnRcL3VwbG9hZHNcLzIwMjNcLzA2XC9FcmljX1NhbnRvc18wNTdfTG93UmVzX1RyYXQuanBnIiwic2xpZGVzaG93IjoiMWFkMmY4MyJ9\">\n\t\t\t\t\t<div class=\"e-gallery-image elementor-gallery-item__image\" data-thumbnail=\"https:\/\/ericsantos.com.br\/wp-content\/uploads\/2023\/06\/Eric_Santos_057_LowRes_Trat-300x200.jpg\" data-width=\"300\" data-height=\"200\" aria-label=\"\" role=\"img\" ><\/div>\n\t\t\t\t\t\t\t\t\t\t\t<div class=\"elementor-gallery-item__overlay\"><\/div>\n\t\t\t\t\t\t\t\t\t\t\t\t\t\t<\/a>\n\t\t\t\t\t\t\t<a class=\"e-gallery-item elementor-gallery-item elementor-animated-content\" href=\"https:\/\/ericsantos.com.br\/wp-content\/uploads\/2023\/06\/Eric_Santos_107_LowRes_Trat.jpg\" data-elementor-open-lightbox=\"yes\" data-elementor-lightbox-slideshow=\"1ad2f83\" data-e-action-hash=\"#elementor-action%3Aaction%3Dlightbox%26settings%3DeyJpZCI6ODk0LCJ1cmwiOiJodHRwczpcL1wvZXJpY3NhbnRvcy5jb20uYnJcL3dwLWNvbnRlbnRcL3VwbG9hZHNcLzIwMjNcLzA2XC9FcmljX1NhbnRvc18xMDdfTG93UmVzX1RyYXQuanBnIiwic2xpZGVzaG93IjoiMWFkMmY4MyJ9\">\n\t\t\t\t\t<div class=\"e-gallery-image elementor-gallery-item__image\" data-thumbnail=\"https:\/\/ericsantos.com.br\/wp-content\/uploads\/2023\/06\/Eric_Santos_107_LowRes_Trat-240x300.jpg\" data-width=\"240\" data-height=\"300\" aria-label=\"\" role=\"img\" ><\/div>\n\t\t\t\t\t\t\t\t\t\t\t<div class=\"elementor-gallery-item__overlay\"><\/div>\n\t\t\t\t\t\t\t\t\t\t\t\t\t\t<\/a>\n\t\t\t\t\t\t\t<a class=\"e-gallery-item elementor-gallery-item elementor-animated-content\" href=\"https:\/\/ericsantos.com.br\/wp-content\/uploads\/2023\/06\/Eric_Santos_181_LowRes_Trat.jpg\" data-elementor-open-lightbox=\"yes\" data-elementor-lightbox-slideshow=\"1ad2f83\" data-e-action-hash=\"#elementor-action%3Aaction%3Dlightbox%26settings%3DeyJpZCI6ODk1LCJ1cmwiOiJodHRwczpcL1wvZXJpY3NhbnRvcy5jb20uYnJcL3dwLWNvbnRlbnRcL3VwbG9hZHNcLzIwMjNcLzA2XC9FcmljX1NhbnRvc18xODFfTG93UmVzX1RyYXQuanBnIiwic2xpZGVzaG93IjoiMWFkMmY4MyJ9\">\n\t\t\t\t\t<div class=\"e-gallery-image elementor-gallery-item__image\" data-thumbnail=\"https:\/\/ericsantos.com.br\/wp-content\/uploads\/2023\/06\/Eric_Santos_181_LowRes_Trat-240x300.jpg\" data-width=\"240\" data-height=\"300\" aria-label=\"\" role=\"img\" ><\/div>\n\t\t\t\t\t\t\t\t\t\t\t<div class=\"elementor-gallery-item__overlay\"><\/div>\n\t\t\t\t\t\t\t\t\t\t\t\t\t\t<\/a>\n\t\t\t\t\t\t\t<a class=\"e-gallery-item elementor-gallery-item elementor-animated-content\" href=\"https:\/\/ericsantos.com.br\/wp-content\/uploads\/2023\/06\/Eric_Santos_244_LowRes_Trat.jpg\" data-elementor-open-lightbox=\"yes\" data-elementor-lightbox-slideshow=\"1ad2f83\" data-e-action-hash=\"#elementor-action%3Aaction%3Dlightbox%26settings%3DeyJpZCI6ODk5LCJ1cmwiOiJodHRwczpcL1wvZXJpY3NhbnRvcy5jb20uYnJcL3dwLWNvbnRlbnRcL3VwbG9hZHNcLzIwMjNcLzA2XC9FcmljX1NhbnRvc18yNDRfTG93UmVzX1RyYXQuanBnIiwic2xpZGVzaG93IjoiMWFkMmY4MyJ9\">\n\t\t\t\t\t<div class=\"e-gallery-image elementor-gallery-item__image\" data-thumbnail=\"https:\/\/ericsantos.com.br\/wp-content\/uploads\/2023\/06\/Eric_Santos_244_LowRes_Trat-240x300.jpg\" data-width=\"240\" data-height=\"300\" aria-label=\"\" role=\"img\" ><\/div>\n\t\t\t\t\t\t\t\t\t\t\t<div class=\"elementor-gallery-item__overlay\"><\/div>\n\t\t\t\t\t\t\t\t\t\t\t\t\t\t<\/a>\n\t\t\t\t\t<\/div>\n\t\t\t\t\t<\/div>\n\t\t\t\t<\/div>\n\t\t\t\t<\/div>\n\t\t<div class=\"elementor-element elementor-element-b1fa996 e-con-full e-flex e-con e-child\" data-id=\"b1fa996\" data-element_type=\"container\" data-e-type=\"container\">\n\t\t\t\t<div class=\"elementor-element elementor-element-261beb5 elementor-widget__width-initial elementor-invisible elementor-widget elementor-widget-heading\" data-id=\"261beb5\" data-element_type=\"widget\" data-e-type=\"widget\" data-settings=\"{&quot;_animation&quot;:&quot;slideInLeft&quot;}\" data-widget_type=\"heading.default\">\n\t\t\t\t<div class=\"elementor-widget-container\">\n\t\t\t\t\t<h1 class=\"elementor-heading-title elementor-size-default\">Est\u00fadio<\/h1>\t\t\t\t<\/div>\n\t\t\t\t<\/div>\n\t\t\t\t<div class=\"elementor-element elementor-element-49a2e83 elementor-invisible elementor-widget elementor-widget-text-editor\" data-id=\"49a2e83\" data-element_type=\"widget\" data-e-type=\"widget\" data-settings=\"{&quot;_animation&quot;:&quot;fadeIn&quot;,&quot;_animation_delay&quot;:500}\" data-widget_type=\"text-editor.default\">\n\t\t\t\t<div class=\"elementor-widget-container\">\n\t\t\t\t\t\t\t\t\t<p>Todas as locu\u00e7\u00f5es s\u00e3o gravadas aqui: uma sala projetada especialmente para ser um est\u00fadio de <strong>grava\u00e7\u00e3o de voz<\/strong>, revestida na propor\u00e7\u00e3o exata com materiais que refletem ou absorvem o som, de maneira a garantir a <strong>fidelidade da capta\u00e7\u00e3o<\/strong>.<\/p><ul><li>Al\u00e9m da sala profissional, os equipamentos tamb\u00e9m s\u00e3o de primeira linha:<\/li><li>Microfone AKG 414 &#8211; Condensador de alta qualidade.<\/li><li>Interface Octa-Capture &#8211; Componentes premium e engenharia Roland.<\/li><li>Software Logic Pro \u2013 Poderosa ferramenta Apple para grava\u00e7\u00e3o e produ\u00e7\u00e3o.<\/li><\/ul><p><br \/>Todas as <strong>grava\u00e7\u00f5es<\/strong> podem ser acompanhadas e dirigidas ao vivo por Zoom, Google Meet, Skype ou qualquer outra plataforma apropriada. O est\u00fadio possui liga\u00e7\u00e3o de internet a cabo (Ethernet) com 200MB para grava\u00e7\u00f5es remotas via Source-Connect.<\/p><p>Depois de editadas, as locu\u00e7\u00f5es passam por processo de <strong>equaliza\u00e7\u00e3o e compress\u00e3o <\/strong>e s\u00e3o enviadas com alta qualidade &#8211; WAV ou AIFF 48Khs\/24bits \u2013 pra clientes e produtoras de todo o Brasil e do exterior.<\/p>\t\t\t\t\t\t\t\t<\/div>\n\t\t\t\t<\/div>\n\t\t\t\t<\/div>\n\t\t\t\t\t<\/div>\n\t\t\t\t<\/div>\n\t\t\t\t<\/div>\n\t\t","protected":false},"excerpt":{"rendered":"<p>Est\u00fadio Todas as locu\u00e7\u00f5es s\u00e3o gravadas aqui: uma sala projetada especialmente para ser um est\u00fadio de grava\u00e7\u00e3o de voz, revestida na propor\u00e7\u00e3o exata com materiais que refletem ou absorvem o som, de maneira a garantir a fidelidade da capta\u00e7\u00e3o. Al\u00e9m da sala profissional, os equipamentos tamb\u00e9m s\u00e3o de primeira linha: Microfone AKG 414 &#8211; Condensador [&hellip;]<\/p>\n","protected":false},"author":1,"featured_media":0,"parent":0,"menu_order":0,"comment_status":"closed","ping_status":"closed","template":"elementor_header_footer","meta":{"_acf_changed":false,"inline_featured_image":false,"footnotes":""},"class_list":["post-221","page","type-page","status-publish","hentry"],"acf":[],"yoast_head":"<!-- This site is optimized with the Yoast SEO plugin v27.2 - https:\/\/yoast.com\/product\/yoast-seo-wordpress\/ -->\n<title>Est\u00fadio - Eric Santos<\/title>\n<meta name=\"description\" content=\"Intelig\u00eancia por traz da voz. Para contar a sua hist\u00f3ria.Sempre adorei a plasticidade da voz e o quanto de significado pode haver em cada nuance da fala, mas acredito que antes \u00e9 preciso compreens\u00e3o.Gosto de estudar o roteiro e experimentar. S\u00f3 com real envolvimento \u00e9 poss\u00edvel acertar o tom da campanha.\" \/>\n<meta name=\"robots\" content=\"index, follow, max-snippet:-1, max-image-preview:large, max-video-preview:-1\" \/>\n<link rel=\"canonical\" href=\"https:\/\/ericsantos.com.br\/eng\/estudio\/\" \/>\n<meta property=\"og:locale\" content=\"en_US\" \/>\n<meta property=\"og:type\" content=\"article\" \/>\n<meta property=\"og:title\" content=\"Eric Santos - Intelig\u00eancia por traz da voz. Para contar a sua hist\u00f3ria.\" \/>\n<meta property=\"og:description\" content=\"Sempre adorei a plasticidade da voz e o quanto de significado pode haver em cada nuance da fala, mas acredito que antes \u00e9 preciso compreens\u00e3o. Gosto de estudar o roteiro e experimentar. S\u00f3 com real envolvimento \u00e9 poss\u00edvel acertar o tom da campanha.\" \/>\n<meta property=\"og:url\" content=\"https:\/\/ericsantos.com.br\/eng\/estudio\/\" \/>\n<meta property=\"og:site_name\" content=\"Eric Santos\" \/>\n<meta property=\"article:modified_time\" content=\"2026-02-27T19:31:26+00:00\" \/>\n<meta property=\"og:image\" content=\"https:\/\/ericsantos.com.br\/wp-content\/uploads\/2023\/06\/Eric_Santos_057_LowRes_Trat.jpg\" \/>\n\t<meta property=\"og:image:width\" content=\"1500\" \/>\n\t<meta property=\"og:image:height\" content=\"1001\" \/>\n\t<meta property=\"og:image:type\" content=\"image\/jpeg\" \/>\n<meta name=\"twitter:card\" content=\"summary_large_image\" \/>\n<meta name=\"twitter:title\" content=\"Eric Santos - Intelig\u00eancia por traz da voz. Para contar a sua hist\u00f3ria.\" \/>\n<meta name=\"twitter:description\" content=\"Sempre adorei a plasticidade da voz e o quanto de significado pode haver em cada nuance da fala, mas acredito que antes \u00e9 preciso compreens\u00e3o. Gosto de estudar o roteiro e experimentar. S\u00f3 com real envolvimento \u00e9 poss\u00edvel acertar o tom da campanha.\" \/>\n<meta name=\"twitter:image\" content=\"https:\/\/ericsantos.com.br\/wp-content\/uploads\/2023\/06\/Eric_Santos_057_LowRes_Trat.jpg\" \/>\n<meta name=\"twitter:label1\" content=\"Est. reading time\" \/>\n\t<meta name=\"twitter:data1\" content=\"1 minute\" \/>\n<script type=\"application\/ld+json\" class=\"yoast-schema-graph\">{\"@context\":\"https:\/\/schema.org\",\"@graph\":[{\"@type\":\"WebPage\",\"@id\":\"https:\/\/ericsantos.com.br\/estudio\/\",\"url\":\"https:\/\/ericsantos.com.br\/estudio\/\",\"name\":\"Est\u00fadio - Eric Santos\",\"isPartOf\":{\"@id\":\"https:\/\/ericsantos.com.br\/#website\"},\"datePublished\":\"2023-05-25T20:08:50+00:00\",\"dateModified\":\"2026-02-27T19:31:26+00:00\",\"description\":\"Intelig\u00eancia por traz da voz. Para contar a sua hist\u00f3ria.Sempre adorei a plasticidade da voz e o quanto de significado pode haver em cada nuance da fala, mas acredito que antes \u00e9 preciso compreens\u00e3o.Gosto de estudar o roteiro e experimentar. S\u00f3 com real envolvimento \u00e9 poss\u00edvel acertar o tom da campanha.\",\"breadcrumb\":{\"@id\":\"https:\/\/ericsantos.com.br\/estudio\/#breadcrumb\"},\"inLanguage\":\"en-US\",\"potentialAction\":[{\"@type\":\"ReadAction\",\"target\":[\"https:\/\/ericsantos.com.br\/estudio\/\"]}]},{\"@type\":\"BreadcrumbList\",\"@id\":\"https:\/\/ericsantos.com.br\/estudio\/#breadcrumb\",\"itemListElement\":[{\"@type\":\"ListItem\",\"position\":1,\"name\":\"Home\",\"item\":\"https:\/\/ericsantos.com.br\/\"},{\"@type\":\"ListItem\",\"position\":2,\"name\":\"Est\u00fadio\"}]},{\"@type\":\"WebSite\",\"@id\":\"https:\/\/ericsantos.com.br\/#website\",\"url\":\"https:\/\/ericsantos.com.br\/\",\"name\":\"Eric Santos\",\"description\":\"Locu\u00e7\u00e3o publicit\u00e1ria, v\u00eddeos corporativos, comunica\u00e7\u00e3o institucional, document\u00e1rios, chamadas de r\u00e1dio e TV\",\"publisher\":{\"@id\":\"https:\/\/ericsantos.com.br\/#\/schema\/person\/f86bdaec97c0c8eb422a32d9934c65ff\"},\"potentialAction\":[{\"@type\":\"SearchAction\",\"target\":{\"@type\":\"EntryPoint\",\"urlTemplate\":\"https:\/\/ericsantos.com.br\/?s={search_term_string}\"},\"query-input\":{\"@type\":\"PropertyValueSpecification\",\"valueRequired\":true,\"valueName\":\"search_term_string\"}}],\"inLanguage\":\"en-US\"},{\"@type\":[\"Person\",\"Organization\"],\"@id\":\"https:\/\/ericsantos.com.br\/#\/schema\/person\/f86bdaec97c0c8eb422a32d9934c65ff\",\"name\":\"Eric Santos\",\"image\":{\"@type\":\"ImageObject\",\"inLanguage\":\"en-US\",\"@id\":\"https:\/\/ericsantos.com.br\/wp-content\/uploads\/2023\/06\/logo.png\",\"url\":\"https:\/\/ericsantos.com.br\/wp-content\/uploads\/2023\/06\/logo.png\",\"contentUrl\":\"https:\/\/ericsantos.com.br\/wp-content\/uploads\/2023\/06\/logo.png\",\"width\":512,\"height\":512,\"caption\":\"Eric Santos\"},\"logo\":{\"@id\":\"https:\/\/ericsantos.com.br\/wp-content\/uploads\/2023\/06\/logo.png\"}}]}<\/script>\n<!-- \/ Yoast SEO plugin. -->","yoast_head_json":{"title":"Studio - Eric Santos","description":"The intelligence behind the voice. To tell your story. I&#039;ve always loved the plasticity of the voice and how much meaning can be in each nuance of speech, but I believe that understanding comes first. I like to study the script and experiment. Only with real involvement is it possible to get the tone of the campaign right.","robots":{"index":"index","follow":"follow","max-snippet":"max-snippet:-1","max-image-preview":"max-image-preview:large","max-video-preview":"max-video-preview:-1"},"canonical":"https:\/\/ericsantos.com.br\/eng\/estudio\/","og_locale":"en_US","og_type":"article","og_title":"Eric Santos - Intelig\u00eancia por traz da voz. Para contar a sua hist\u00f3ria.","og_description":"Sempre adorei a plasticidade da voz e o quanto de significado pode haver em cada nuance da fala, mas acredito que antes \u00e9 preciso compreens\u00e3o. Gosto de estudar o roteiro e experimentar. S\u00f3 com real envolvimento \u00e9 poss\u00edvel acertar o tom da campanha.","og_url":"https:\/\/ericsantos.com.br\/eng\/estudio\/","og_site_name":"Eric Santos","article_modified_time":"2026-02-27T19:31:26+00:00","og_image":[{"width":1500,"height":1001,"url":"https:\/\/ericsantos.com.br\/wp-content\/uploads\/2023\/06\/Eric_Santos_057_LowRes_Trat.jpg","type":"image\/jpeg"}],"twitter_card":"summary_large_image","twitter_title":"Eric Santos - Intelig\u00eancia por traz da voz. Para contar a sua hist\u00f3ria.","twitter_description":"Sempre adorei a plasticidade da voz e o quanto de significado pode haver em cada nuance da fala, mas acredito que antes \u00e9 preciso compreens\u00e3o. Gosto de estudar o roteiro e experimentar. S\u00f3 com real envolvimento \u00e9 poss\u00edvel acertar o tom da campanha.","twitter_image":"https:\/\/ericsantos.com.br\/wp-content\/uploads\/2023\/06\/Eric_Santos_057_LowRes_Trat.jpg","twitter_misc":{"Est. reading time":"1 minute"},"schema":{"@context":"https:\/\/schema.org","@graph":[{"@type":"WebPage","@id":"https:\/\/ericsantos.com.br\/estudio\/","url":"https:\/\/ericsantos.com.br\/estudio\/","name":"Studio - Eric Santos","isPartOf":{"@id":"https:\/\/ericsantos.com.br\/#website"},"datePublished":"2023-05-25T20:08:50+00:00","dateModified":"2026-02-27T19:31:26+00:00","description":"The intelligence behind the voice. To tell your story. I&#039;ve always loved the plasticity of the voice and how much meaning can be in each nuance of speech, but I believe that understanding comes first. I like to study the script and experiment. Only with real involvement is it possible to get the tone of the campaign right.","breadcrumb":{"@id":"https:\/\/ericsantos.com.br\/estudio\/#breadcrumb"},"inLanguage":"en-US","potentialAction":[{"@type":"ReadAction","target":["https:\/\/ericsantos.com.br\/estudio\/"]}]},{"@type":"BreadcrumbList","@id":"https:\/\/ericsantos.com.br\/estudio\/#breadcrumb","itemListElement":[{"@type":"ListItem","position":1,"name":"Home","item":"https:\/\/ericsantos.com.br\/"},{"@type":"ListItem","position":2,"name":"Est\u00fadio"}]},{"@type":"WebSite","@id":"https:\/\/ericsantos.com.br\/#website","url":"https:\/\/ericsantos.com.br\/","name":"Eric Santos","description":"Voice-over work, corporate videos, institutional communication, documentaries, radio and TV spots.","publisher":{"@id":"https:\/\/ericsantos.com.br\/#\/schema\/person\/f86bdaec97c0c8eb422a32d9934c65ff"},"potentialAction":[{"@type":"SearchAction","target":{"@type":"EntryPoint","urlTemplate":"https:\/\/ericsantos.com.br\/?s={search_term_string}"},"query-input":{"@type":"PropertyValueSpecification","valueRequired":true,"valueName":"search_term_string"}}],"inLanguage":"en-US"},{"@type":["Person","Organization"],"@id":"https:\/\/ericsantos.com.br\/#\/schema\/person\/f86bdaec97c0c8eb422a32d9934c65ff","name":"Eric Santos","image":{"@type":"ImageObject","inLanguage":"en-US","@id":"https:\/\/ericsantos.com.br\/wp-content\/uploads\/2023\/06\/logo.png","url":"https:\/\/ericsantos.com.br\/wp-content\/uploads\/2023\/06\/logo.png","contentUrl":"https:\/\/ericsantos.com.br\/wp-content\/uploads\/2023\/06\/logo.png","width":512,"height":512,"caption":"Eric Santos"},"logo":{"@id":"https:\/\/ericsantos.com.br\/wp-content\/uploads\/2023\/06\/logo.png"}}]}},"_links":{"self":[{"href":"https:\/\/ericsantos.com.br\/eng\/wp-json\/wp\/v2\/pages\/221","targetHints":{"allow":["GET"]}}],"collection":[{"href":"https:\/\/ericsantos.com.br\/eng\/wp-json\/wp\/v2\/pages"}],"about":[{"href":"https:\/\/ericsantos.com.br\/eng\/wp-json\/wp\/v2\/types\/page"}],"author":[{"embeddable":true,"href":"https:\/\/ericsantos.com.br\/eng\/wp-json\/wp\/v2\/users\/1"}],"replies":[{"embeddable":true,"href":"https:\/\/ericsantos.com.br\/eng\/wp-json\/wp\/v2\/comments?post=221"}],"version-history":[{"count":53,"href":"https:\/\/ericsantos.com.br\/eng\/wp-json\/wp\/v2\/pages\/221\/revisions"}],"predecessor-version":[{"id":2072,"href":"https:\/\/ericsantos.com.br\/eng\/wp-json\/wp\/v2\/pages\/221\/revisions\/2072"}],"wp:attachment":[{"href":"https:\/\/ericsantos.com.br\/eng\/wp-json\/wp\/v2\/media?parent=221"}],"curies":[{"name":"wp","href":"https:\/\/api.w.org\/{rel}","templated":true}]}}